{"id":650,"date":"2024-04-03T18:35:19","date_gmt":"2024-04-03T18:35:19","guid":{"rendered":"https:\/\/focomanager.com.br\/?page_id=650"},"modified":"2024-05-06T14:19:14","modified_gmt":"2024-05-06T14:19:14","slug":"capacitacao-em-gestao","status":"publish","type":"page","link":"https:\/\/focomanager.com.br\/index.php\/capacitacao-em-gestao\/","title":{"rendered":"Capacita\u00e7\u00e3o em Gest\u00e3o"},"content":{"rendered":"\t\t<div data-elementor-type=\"wp-page\" data-elementor-id=\"650\" class=\"elementor elementor-650\" data-elementor-post-type=\"page\">\n\t\t\t\t\t\t\t\t\t<section class=\"elementor-section elementor-top-section elementor-element elementor-element-f0a941c elementor-section-boxed elementor-section-height-default elementor-section-height-default\" data-id=\"f0a941c\" data-element_type=\"section\" data-settings=\"{&quot;shape_divider_bottom&quot;:&quot;mountains&quot;}\">\n\t\t\t\t\t\t\t<div class=\"elementor-background-overlay\"><\/div>\n\t\t\t\t\t\t<div class=\"elementor-shape elementor-shape-bottom\" data-negative=\"false\">\n\t\t\t<svg xmlns=\"http:\/\/www.w3.org\/2000\/svg\" viewBox=\"0 0 1000 100\" preserveAspectRatio=\"none\">\n\t<path class=\"elementor-shape-fill\" opacity=\"0.33\" d=\"M473,67.3c-203.9,88.3-263.1-34-320.3,0C66,119.1,0,59.7,0,59.7V0h1000v59.7 c0,0-62.1,26.1-94.9,29.3c-32.8,3.3-62.8-12.3-75.8-22.1C806,49.6,745.3,8.7,694.9,4.7S492.4,59,473,67.3z\"\/>\n\t<path class=\"elementor-shape-fill\" opacity=\"0.66\" d=\"M734,67.3c-45.5,0-77.2-23.2-129.1-39.1c-28.6-8.7-150.3-10.1-254,39.1 s-91.7-34.4-149.2,0C115.7,118.3,0,39.8,0,39.8V0h1000v36.5c0,0-28.2-18.5-92.1-18.5C810.2,18.1,775.7,67.3,734,67.3z\"\/>\n\t<path class=\"elementor-shape-fill\" d=\"M766.1,28.9c-200-57.5-266,65.5-395.1,19.5C242,1.8,242,5.4,184.8,20.6C128,35.8,132.3,44.9,89.9,52.5C28.6,63.7,0,0,0,0 h1000c0,0-9.9,40.9-83.6,48.1S829.6,47,766.1,28.9z\"\/>\n<\/svg>\t\t<\/div>\n\t\t\t\t\t<div class=\"elementor-container elementor-column-gap-default\">\n\t\t\t\t\t<div class=\"aux-parallax-section elementor-column elementor-col-100 elementor-top-column elementor-element elementor-element-ea7bcc6\" data-id=\"ea7bcc6\" data-element_type=\"column\">\n\t\t\t<div class=\"elementor-widget-wrap elementor-element-populated\">\n\t\t\t\t\t\t\t\t<section class=\"elementor-section elementor-inner-section elementor-element elementor-element-27e0e3d elementor-section-boxed elementor-section-height-default elementor-section-height-default\" data-id=\"27e0e3d\" data-element_type=\"section\">\n\t\t\t\t\t\t<div class=\"elementor-container elementor-column-gap-default\">\n\t\t\t\t\t<div class=\"aux-parallax-section elementor-column elementor-col-100 elementor-inner-column elementor-element elementor-element-1ca2f43\" data-id=\"1ca2f43\" data-element_type=\"column\">\n\t\t\t<div class=\"elementor-widget-wrap elementor-element-populated\">\n\t\t\t\t\t\t\t\t<div class=\"elementor-element elementor-element-7b7f39c aux-appear-watch-animation aux-fade-in-up-1 elementor-widget__width-initial elementor-widget elementor-widget-aux_modern_heading\" data-id=\"7b7f39c\" data-element_type=\"widget\" data-widget_type=\"aux_modern_heading.default\">\n\t\t\t\t<div class=\"elementor-widget-container\">\n\t\t\t<section class=\"aux-widget-modern-heading\">\n            <div class=\"aux-widget-inner\"><p class=\"aux-modern-heading-primary\"><font color=\"#bf272f\">FM | <\/font> Capacita\u00e7\u00e3o em Gest\u00e3o<\/p><div class=\"aux-modern-heading-divider\"><\/div><\/div>\n        <\/section>\t\t<\/div>\n\t\t\t\t<\/div>\n\t\t\t\t\t<\/div>\n\t\t<\/div>\n\t\t\t\t\t\t\t<\/div>\n\t\t<\/section>\n\t\t\t\t\t<\/div>\n\t\t<\/div>\n\t\t\t\t\t\t\t<\/div>\n\t\t<\/section>\n\t\t\t\t<section class=\"elementor-section elementor-top-section elementor-element elementor-element-ce1ac0a elementor-section-content-middle elementor-section-boxed elementor-section-height-default elementor-section-height-default\" data-id=\"ce1ac0a\" data-element_type=\"section\">\n\t\t\t\t\t\t<div class=\"elementor-container elementor-column-gap-no\">\n\t\t\t\t\t<div class=\"aux-parallax-section elementor-column elementor-col-50 elementor-top-column elementor-element elementor-element-b51d851\" data-id=\"b51d851\" data-element_type=\"column\">\n\t\t\t<div class=\"elementor-widget-wrap elementor-element-populated\">\n\t\t\t\t\t\t\t\t<div class=\"elementor-element elementor-element-e4c0ec3 elementor-widget elementor-widget-heading\" data-id=\"e4c0ec3\" data-element_type=\"widget\" data-widget_type=\"heading.default\">\n\t\t\t\t<div class=\"elementor-widget-container\">\n\t\t\t<style>\/*! elementor - v3.14.0 - 26-06-2023 *\/\n.elementor-heading-title{padding:0;margin:0;line-height:1}.elementor-widget-heading .elementor-heading-title[class*=elementor-size-]>a{color:inherit;font-size:inherit;line-height:inherit}.elementor-widget-heading .elementor-heading-title.elementor-size-small{font-size:15px}.elementor-widget-heading .elementor-heading-title.elementor-size-medium{font-size:19px}.elementor-widget-heading .elementor-heading-title.elementor-size-large{font-size:29px}.elementor-widget-heading .elementor-heading-title.elementor-size-xl{font-size:39px}.elementor-widget-heading .elementor-heading-title.elementor-size-xxl{font-size:59px}<\/style><h2 class=\"elementor-heading-title elementor-size-default\">Servi\u00e7os<\/h2>\t\t<\/div>\n\t\t\t\t<\/div>\n\t\t\t\t<div class=\"elementor-element elementor-element-d3da119 elementor-icon-list--layout-traditional elementor-list-item-link-full_width elementor-widget elementor-widget-icon-list\" data-id=\"d3da119\" data-element_type=\"widget\" data-widget_type=\"icon-list.default\">\n\t\t\t\t<div class=\"elementor-widget-container\">\n\t\t\t<link rel=\"stylesheet\" href=\"https:\/\/focomanager.com.br\/wp-content\/plugins\/elementor\/assets\/css\/widget-icon-list.min.css\">\t\t<ul class=\"elementor-icon-list-items\">\n\t\t\t\t\t\t\t<li class=\"elementor-icon-list-item\">\n\t\t\t\t\t\t\t\t\t\t\t<a href=\"https:\/\/focomanager.com.br\/index.php\/solucoes-em-controladoria\/\">\n\n\t\t\t\t\t\t\t\t\t\t\t\t<span class=\"elementor-icon-list-icon\">\n\t\t\t\t\t\t\t<i aria-hidden=\"true\" class=\"fas fa-check\"><\/i>\t\t\t\t\t\t<\/span>\n\t\t\t\t\t\t\t\t\t\t<span class=\"elementor-icon-list-text\">1 - Solu\u00e7\u00f5es em Controladoria<\/span>\n\t\t\t\t\t\t\t\t\t\t\t<\/a>\n\t\t\t\t\t\t\t\t\t<\/li>\n\t\t\t\t\t\t\t\t<li class=\"elementor-icon-list-item\">\n\t\t\t\t\t\t\t\t\t\t\t<span class=\"elementor-icon-list-icon\">\n\t\t\t\t\t\t\t<i aria-hidden=\"true\" class=\"fas fa-check\"><\/i>\t\t\t\t\t\t<\/span>\n\t\t\t\t\t\t\t\t\t\t<span class=\"elementor-icon-list-text\">2 - Capacita\u00e7\u00e3o em Gest\u00e3o<\/span>\n\t\t\t\t\t\t\t\t\t<\/li>\n\t\t\t\t\t\t<\/ul>\n\t\t\t\t<\/div>\n\t\t\t\t<\/div>\n\t\t\t\t\t<\/div>\n\t\t<\/div>\n\t\t\t\t<div class=\"aux-parallax-section elementor-column elementor-col-50 elementor-top-column elementor-element elementor-element-2251627\" data-id=\"2251627\" data-element_type=\"column\">\n\t\t\t<div class=\"elementor-widget-wrap elementor-element-populated\">\n\t\t\t\t\t\t\t\t<div class=\"elementor-element elementor-element-b9ee43f aux-appear-watch-animation aux-fade-in-up-1 elementor-widget__width-initial elementor-widget elementor-widget-aux_modern_heading\" data-id=\"b9ee43f\" data-element_type=\"widget\" data-widget_type=\"aux_modern_heading.default\">\n\t\t\t\t<div class=\"elementor-widget-container\">\n\t\t\t<section class=\"aux-widget-modern-heading\">\n            <div class=\"aux-widget-inner\"><p class=\"aux-modern-heading-primary\">Atualiza\u00e7\u00e3o <font color=\"#bf272f\">Profissional<\/font><\/p><div class=\"aux-modern-heading-divider\"><\/div><div class=\"aux-modern-heading-description\"><p>Metodologia FECAP-SP<\/p><p>Treinamentos corporativos individualizados para seu staff de gest\u00e3o e lideran\u00e7as.<\/p><\/div><\/div>\n        <\/section>\t\t<\/div>\n\t\t\t\t<\/div>\n\t\t\t\t<div class=\"elementor-element elementor-element-3380d59 elementor-widget elementor-widget-button\" data-id=\"3380d59\" data-element_type=\"widget\" data-widget_type=\"button.default\">\n\t\t\t\t<div class=\"elementor-widget-container\">\n\t\t\t\t\t<div class=\"elementor-button-wrapper\">\n\t\t\t<a class=\"elementor-button elementor-button-link elementor-size-sm\" href=\"https:\/\/focomanager.com.br\/index.php\/capacitacao-cursos\/\" target=\"_blank\">\n\t\t\t\t\t\t<span class=\"elementor-button-content-wrapper\">\n\t\t\t\t\t\t<span class=\"elementor-button-text\">Saiba mais<\/span>\n\t\t<\/span>\n\t\t\t\t\t<\/a>\n\t\t<\/div>\n\t\t\t\t<\/div>\n\t\t\t\t<\/div>\n\t\t\t\t\t<\/div>\n\t\t<\/div>\n\t\t\t\t\t\t\t<\/div>\n\t\t<\/section>\n\t\t\t\t\t\t\t<\/div>\n\t\t","protected":false},"excerpt":{"rendered":"<p>FM | Capacita\u00e7\u00e3o em Gest\u00e3o Servi\u00e7os 1 &#8211; Solu\u00e7\u00f5es em Controladoria 2 &#8211; Capacita\u00e7\u00e3o em Gest\u00e3o Atualiza\u00e7\u00e3o Profissional Metodologia FECAP-SP Treinamentos corporativos individualizados para seu staff de gest\u00e3o e lideran\u00e7as. Saiba mais<\/p>\n","protected":false},"author":1,"featured_media":0,"parent":0,"menu_order":0,"comment_status":"closed","ping_status":"closed","template":"templates\/page-builder-content.php","meta":{"_joinchat":[],"footnotes":""},"class_list":["post-650","page","type-page","status-publish","hentry"],"yoast_head":"<!-- This site is optimized with the Yoast SEO plugin v24.5 - https:\/\/yoast.com\/wordpress\/plugins\/seo\/ -->\n<title>Capacita\u00e7\u00e3o em Gest\u00e3o - FM | Foco Manager<\/title>\n<meta name=\"robots\" content=\"index, follow, max-snippet:-1, max-image-preview:large, max-video-preview:-1\" \/>\n<link rel=\"canonical\" href=\"https:\/\/focomanager.com.br\/index.php\/capacitacao-em-gestao\/\" \/>\n<meta property=\"og:locale\" content=\"pt_BR\" \/>\n<meta property=\"og:type\" content=\"article\" \/>\n<meta property=\"og:title\" content=\"Capacita\u00e7\u00e3o em Gest\u00e3o - FM | Foco Manager\" \/>\n<meta property=\"og:description\" content=\"FM | Capacita\u00e7\u00e3o em Gest\u00e3o Servi\u00e7os 1 &#8211; Solu\u00e7\u00f5es em Controladoria 2 &#8211; Capacita\u00e7\u00e3o em Gest\u00e3o Atualiza\u00e7\u00e3o Profissional Metodologia FECAP-SP Treinamentos corporativos individualizados para seu staff de gest\u00e3o e lideran\u00e7as. Saiba mais\" \/>\n<meta property=\"og:url\" content=\"https:\/\/focomanager.com.br\/index.php\/capacitacao-em-gestao\/\" \/>\n<meta property=\"og:site_name\" content=\"FM | Foco Manager\" \/>\n<meta property=\"article:modified_time\" content=\"2024-05-06T14:19:14+00:00\" \/>\n<meta name=\"twitter:card\" content=\"summary_large_image\" \/>\n<script type=\"application\/ld+json\" class=\"yoast-schema-graph\">{\"@context\":\"https:\/\/schema.org\",\"@graph\":[{\"@type\":\"WebPage\",\"@id\":\"https:\/\/focomanager.com.br\/index.php\/capacitacao-em-gestao\/\",\"url\":\"https:\/\/focomanager.com.br\/index.php\/capacitacao-em-gestao\/\",\"name\":\"Capacita\u00e7\u00e3o em Gest\u00e3o - FM | Foco Manager\",\"isPartOf\":{\"@id\":\"https:\/\/focomanager.com.br\/#website\"},\"datePublished\":\"2024-04-03T18:35:19+00:00\",\"dateModified\":\"2024-05-06T14:19:14+00:00\",\"breadcrumb\":{\"@id\":\"https:\/\/focomanager.com.br\/index.php\/capacitacao-em-gestao\/#breadcrumb\"},\"inLanguage\":\"pt-BR\",\"potentialAction\":[{\"@type\":\"ReadAction\",\"target\":[\"https:\/\/focomanager.com.br\/index.php\/capacitacao-em-gestao\/\"]}]},{\"@type\":\"BreadcrumbList\",\"@id\":\"https:\/\/focomanager.com.br\/index.php\/capacitacao-em-gestao\/#breadcrumb\",\"itemListElement\":[{\"@type\":\"ListItem\",\"position\":1,\"name\":\"In\u00edcio\",\"item\":\"https:\/\/focomanager.com.br\/\"},{\"@type\":\"ListItem\",\"position\":2,\"name\":\"Capacita\u00e7\u00e3o em Gest\u00e3o\"}]},{\"@type\":\"WebSite\",\"@id\":\"https:\/\/focomanager.com.br\/#website\",\"url\":\"https:\/\/focomanager.com.br\/\",\"name\":\"FM | Foco Manager\",\"description\":\"\",\"publisher\":{\"@id\":\"https:\/\/focomanager.com.br\/#organization\"},\"potentialAction\":[{\"@type\":\"SearchAction\",\"target\":{\"@type\":\"EntryPoint\",\"urlTemplate\":\"https:\/\/focomanager.com.br\/?s={search_term_string}\"},\"query-input\":{\"@type\":\"PropertyValueSpecification\",\"valueRequired\":true,\"valueName\":\"search_term_string\"}}],\"inLanguage\":\"pt-BR\"},{\"@type\":\"Organization\",\"@id\":\"https:\/\/focomanager.com.br\/#organization\",\"name\":\"FM | Foco Manager\",\"url\":\"https:\/\/focomanager.com.br\/\",\"logo\":{\"@type\":\"ImageObject\",\"inLanguage\":\"pt-BR\",\"@id\":\"https:\/\/focomanager.com.br\/#\/schema\/logo\/image\/\",\"url\":\"https:\/\/focomanager.com.br\/wp-content\/uploads\/2024\/04\/cropped-cropped-logo-328x44-1.png\",\"contentUrl\":\"https:\/\/focomanager.com.br\/wp-content\/uploads\/2024\/04\/cropped-cropped-logo-328x44-1.png\",\"width\":328,\"height\":44,\"caption\":\"FM | Foco Manager\"},\"image\":{\"@id\":\"https:\/\/focomanager.com.br\/#\/schema\/logo\/image\/\"}}]}<\/script>\n<!-- \/ Yoast SEO plugin. -->","yoast_head_json":{"title":"Capacita\u00e7\u00e3o em Gest\u00e3o - FM | Foco Manager","robots":{"index":"index","follow":"follow","max-snippet":"max-snippet:-1","max-image-preview":"max-image-preview:large","max-video-preview":"max-video-preview:-1"},"canonical":"https:\/\/focomanager.com.br\/index.php\/capacitacao-em-gestao\/","og_locale":"pt_BR","og_type":"article","og_title":"Capacita\u00e7\u00e3o em Gest\u00e3o - FM | Foco Manager","og_description":"FM | Capacita\u00e7\u00e3o em Gest\u00e3o Servi\u00e7os 1 &#8211; Solu\u00e7\u00f5es em Controladoria 2 &#8211; Capacita\u00e7\u00e3o em Gest\u00e3o Atualiza\u00e7\u00e3o Profissional Metodologia FECAP-SP Treinamentos corporativos individualizados para seu staff de gest\u00e3o e lideran\u00e7as. Saiba mais","og_url":"https:\/\/focomanager.com.br\/index.php\/capacitacao-em-gestao\/","og_site_name":"FM | Foco Manager","article_modified_time":"2024-05-06T14:19:14+00:00","twitter_card":"summary_large_image","schema":{"@context":"https:\/\/schema.org","@graph":[{"@type":"WebPage","@id":"https:\/\/focomanager.com.br\/index.php\/capacitacao-em-gestao\/","url":"https:\/\/focomanager.com.br\/index.php\/capacitacao-em-gestao\/","name":"Capacita\u00e7\u00e3o em Gest\u00e3o - FM | Foco Manager","isPartOf":{"@id":"https:\/\/focomanager.com.br\/#website"},"datePublished":"2024-04-03T18:35:19+00:00","dateModified":"2024-05-06T14:19:14+00:00","breadcrumb":{"@id":"https:\/\/focomanager.com.br\/index.php\/capacitacao-em-gestao\/#breadcrumb"},"inLanguage":"pt-BR","potentialAction":[{"@type":"ReadAction","target":["https:\/\/focomanager.com.br\/index.php\/capacitacao-em-gestao\/"]}]},{"@type":"BreadcrumbList","@id":"https:\/\/focomanager.com.br\/index.php\/capacitacao-em-gestao\/#breadcrumb","itemListElement":[{"@type":"ListItem","position":1,"name":"In\u00edcio","item":"https:\/\/focomanager.com.br\/"},{"@type":"ListItem","position":2,"name":"Capacita\u00e7\u00e3o em Gest\u00e3o"}]},{"@type":"WebSite","@id":"https:\/\/focomanager.com.br\/#website","url":"https:\/\/focomanager.com.br\/","name":"FM | Foco Manager","description":"","publisher":{"@id":"https:\/\/focomanager.com.br\/#organization"},"potentialAction":[{"@type":"SearchAction","target":{"@type":"EntryPoint","urlTemplate":"https:\/\/focomanager.com.br\/?s={search_term_string}"},"query-input":{"@type":"PropertyValueSpecification","valueRequired":true,"valueName":"search_term_string"}}],"inLanguage":"pt-BR"},{"@type":"Organization","@id":"https:\/\/focomanager.com.br\/#organization","name":"FM | Foco Manager","url":"https:\/\/focomanager.com.br\/","logo":{"@type":"ImageObject","inLanguage":"pt-BR","@id":"https:\/\/focomanager.com.br\/#\/schema\/logo\/image\/","url":"https:\/\/focomanager.com.br\/wp-content\/uploads\/2024\/04\/cropped-cropped-logo-328x44-1.png","contentUrl":"https:\/\/focomanager.com.br\/wp-content\/uploads\/2024\/04\/cropped-cropped-logo-328x44-1.png","width":328,"height":44,"caption":"FM | Foco Manager"},"image":{"@id":"https:\/\/focomanager.com.br\/#\/schema\/logo\/image\/"}}]}},"_links":{"self":[{"href":"https:\/\/focomanager.com.br\/index.php\/wp-json\/wp\/v2\/pages\/650","targetHints":{"allow":["GET"]}}],"collection":[{"href":"https:\/\/focomanager.com.br\/index.php\/wp-json\/wp\/v2\/pages"}],"about":[{"href":"https:\/\/focomanager.com.br\/index.php\/wp-json\/wp\/v2\/types\/page"}],"author":[{"embeddable":true,"href":"https:\/\/focomanager.com.br\/index.php\/wp-json\/wp\/v2\/users\/1"}],"replies":[{"embeddable":true,"href":"https:\/\/focomanager.com.br\/index.php\/wp-json\/wp\/v2\/comments?post=650"}],"version-history":[{"count":106,"href":"https:\/\/focomanager.com.br\/index.php\/wp-json\/wp\/v2\/pages\/650\/revisions"}],"predecessor-version":[{"id":1301,"href":"https:\/\/focomanager.com.br\/index.php\/wp-json\/wp\/v2\/pages\/650\/revisions\/1301"}],"wp:attachment":[{"href":"https:\/\/focomanager.com.br\/index.php\/wp-json\/wp\/v2\/media?parent=650"}],"curies":[{"name":"wp","href":"https:\/\/api.w.org\/{rel}","templated":true}]}}